{"id":35040,"date":"2023-04-17T13:03:21","date_gmt":"2023-04-17T17:03:21","guid":{"rendered":"https:\/\/greatlocations.com\/?page_id=35040"},"modified":"2023-04-17T16:03:50","modified_gmt":"2023-04-17T20:03:50","slug":"propellantmediageofencingcost","status":"publish","type":"page","link":"https:\/\/greatlocations.com\/pt\/propellantmediageofencingcost\/","title":{"rendered":"Custo de Geofencing de M\u00eddia Propulsora"},"content":{"rendered":"<div data-elementor-type=\"wp-page\" data-elementor-id=\"35040\" class=\"elementor elementor-35040\" data-elementor-post-type=\"page\">\n\t\t\t\t\t\t<header class=\"elementor-section elementor-top-section elementor-element elementor-element-2d7246b7 elementor-section-boxed elementor-section-height-default elementor-section-height-default\" data-id=\"2d7246b7\" data-element_type=\"section\" data-e-type=\"section\" data-settings=\"{&quot;jet_parallax_layout_list&quot;:[]}\">\n\t\t\t\t\t\t<div class=\"elementor-container elementor-column-gap-default\">\n\t\t\t\t\t<header class=\"elementor-column elementor-col-100 elementor-top-column elementor-element elementor-element-5baa0be\" data-id=\"5baa0be\" data-element_type=\"column\" data-e-type=\"column\">\n\t\t\t<div class=\"elementor-widget-wrap elementor-element-populated\">\n\t\t\t\t\t\t<div class=\"elementor-element elementor-element-772dee4 elementor-widget elementor-widget-image\" data-id=\"772dee4\" data-element_type=\"widget\" data-e-type=\"widget\" data-widget_type=\"image.default\">\n\t\t\t\t<div class=\"elementor-widget-container\">\n\t\t\t\t\t\t\t\t\t\t\t\t\t\t\t<img fetchpriority=\"high\" decoding=\"async\" width=\"800\" height=\"887\" src=\"https:\/\/greatlocations.com\/wp-content\/uploads\/2023\/04\/GeofencingCost-924x1024.jpg\" class=\"attachment-large size-large wp-image-35491\" alt=\"\" srcset=\"https:\/\/greatlocations.com\/wp-content\/uploads\/2023\/04\/GeofencingCost-924x1024.jpg 924w, https:\/\/greatlocations.com\/wp-content\/uploads\/2023\/04\/GeofencingCost-271x300.jpg 271w, https:\/\/greatlocations.com\/wp-content\/uploads\/2023\/04\/GeofencingCost-768x851.jpg 768w, https:\/\/greatlocations.com\/wp-content\/uploads\/2023\/04\/GeofencingCost-11x12.jpg 11w, https:\/\/greatlocations.com\/wp-content\/uploads\/2023\/04\/GeofencingCost.jpg 1011w\" sizes=\"(max-width: 800px) 100vw, 800px\" \/>\t\t\t\t\t\t\t\t\t\t\t\t\t\t\t<\/div>\n\t\t\t\t<\/div>\n\t\t\t\t\t<\/div>\n\t\t<\/header>\n\t\t\t\t\t<\/div>\n\t\t<\/header>\n\t\t\t\t<section class=\"elementor-section elementor-top-section elementor-element elementor-element-3df71e13 elementor-section-boxed elementor-section-height-default elementor-section-height-default\" data-id=\"3df71e13\" data-element_type=\"section\" data-e-type=\"section\" data-settings=\"{&quot;jet_parallax_layout_list&quot;:[]}\">\n\t\t\t\t\t\t<div class=\"elementor-container elementor-column-gap-default\">\n\t\t\t\t\t<div class=\"elementor-column elementor-col-100 elementor-top-column elementor-element elementor-element-db48b3f\" data-id=\"db48b3f\" data-element_type=\"column\" data-e-type=\"column\">\n\t\t\t<div class=\"elementor-widget-wrap\">\n\t\t\t\t\t\t\t<\/div>\n\t\t<\/div>\n\t\t\t\t\t<\/div>\n\t\t<\/section>\n\t\t\t\t<\/div>","protected":false},"excerpt":{"rendered":"","protected":false},"author":6,"featured_media":0,"parent":0,"menu_order":0,"comment_status":"closed","ping_status":"closed","template":"","meta":{"footnotes":""},"class_list":["post-35040","page","type-page","status-publish","hentry"],"yoast_head":"<!-- This site is optimized with the Yoast SEO plugin v27.3 - https:\/\/yoast.com\/product\/yoast-seo-wordpress\/ -->\n<title>Propellant Media Geofencing Cost - Great Locations<\/title>\n<meta name=\"robots\" content=\"index, follow, max-snippet:-1, max-image-preview:large, max-video-preview:-1\" \/>\n<link rel=\"canonical\" href=\"https:\/\/greatlocations.com\/pt\/propellantmediageofencingcost\/\" \/>\n<meta property=\"og:locale\" content=\"pt_PT\" \/>\n<meta property=\"og:type\" content=\"article\" \/>\n<meta property=\"og:title\" content=\"Propellant Media Geofencing Cost - Great Locations\" \/>\n<meta property=\"og:url\" content=\"https:\/\/greatlocations.com\/pt\/propellantmediageofencingcost\/\" \/>\n<meta property=\"og:site_name\" content=\"Great Locations\" \/>\n<meta property=\"article:publisher\" content=\"https:\/\/www.facebook.com\/profile.php?id=100088263084418\" \/>\n<meta property=\"article:modified_time\" content=\"2023-04-17T20:03:50+00:00\" \/>\n<meta property=\"og:image\" content=\"http:\/\/greatlocations.com\/wp-content\/uploads\/2023\/04\/GeofencingCost-924x1024.jpg\" \/>\n<meta name=\"twitter:card\" content=\"summary_large_image\" \/>\n<script type=\"application\/ld+json\" class=\"yoast-schema-graph\">{\"@context\":\"https:\\\/\\\/schema.org\",\"@graph\":[{\"@type\":\"WebPage\",\"@id\":\"https:\\\/\\\/greatlocations.com\\\/propellantmediageofencingcost\\\/\",\"url\":\"https:\\\/\\\/greatlocations.com\\\/propellantmediageofencingcost\\\/\",\"name\":\"Propellant Media Geofencing Cost - Great Locations\",\"isPartOf\":{\"@id\":\"https:\\\/\\\/greatlocations.com\\\/#website\"},\"primaryImageOfPage\":{\"@id\":\"https:\\\/\\\/greatlocations.com\\\/propellantmediageofencingcost\\\/#primaryimage\"},\"image\":{\"@id\":\"https:\\\/\\\/greatlocations.com\\\/propellantmediageofencingcost\\\/#primaryimage\"},\"thumbnailUrl\":\"http:\\\/\\\/greatlocations.com\\\/wp-content\\\/uploads\\\/2023\\\/04\\\/GeofencingCost-924x1024.jpg\",\"datePublished\":\"2023-04-17T17:03:21+00:00\",\"dateModified\":\"2023-04-17T20:03:50+00:00\",\"breadcrumb\":{\"@id\":\"https:\\\/\\\/greatlocations.com\\\/propellantmediageofencingcost\\\/#breadcrumb\"},\"inLanguage\":\"pt-PT\",\"potentialAction\":[{\"@type\":\"ReadAction\",\"target\":[\"https:\\\/\\\/greatlocations.com\\\/propellantmediageofencingcost\\\/\"]}]},{\"@type\":\"ImageObject\",\"inLanguage\":\"pt-PT\",\"@id\":\"https:\\\/\\\/greatlocations.com\\\/propellantmediageofencingcost\\\/#primaryimage\",\"url\":\"http:\\\/\\\/greatlocations.com\\\/wp-content\\\/uploads\\\/2023\\\/04\\\/GeofencingCost-924x1024.jpg\",\"contentUrl\":\"http:\\\/\\\/greatlocations.com\\\/wp-content\\\/uploads\\\/2023\\\/04\\\/GeofencingCost-924x1024.jpg\"},{\"@type\":\"BreadcrumbList\",\"@id\":\"https:\\\/\\\/greatlocations.com\\\/propellantmediageofencingcost\\\/#breadcrumb\",\"itemListElement\":[{\"@type\":\"ListItem\",\"position\":1,\"name\":\"Home\",\"item\":\"https:\\\/\\\/greatlocations.com\\\/\"},{\"@type\":\"ListItem\",\"position\":2,\"name\":\"Propellant Media Geofencing Cost\"}]},{\"@type\":\"WebSite\",\"@id\":\"https:\\\/\\\/greatlocations.com\\\/#website\",\"url\":\"https:\\\/\\\/greatlocations.com\\\/\",\"name\":\"Great Locations\",\"description\":\"Local Area Mobile Guide\",\"publisher\":{\"@id\":\"https:\\\/\\\/greatlocations.com\\\/#organization\"},\"potentialAction\":[{\"@type\":\"SearchAction\",\"target\":{\"@type\":\"EntryPoint\",\"urlTemplate\":\"https:\\\/\\\/greatlocations.com\\\/?s={search_term_string}\"},\"query-input\":{\"@type\":\"PropertyValueSpecification\",\"valueRequired\":true,\"valueName\":\"search_term_string\"}}],\"inLanguage\":\"pt-PT\"},{\"@type\":\"Organization\",\"@id\":\"https:\\\/\\\/greatlocations.com\\\/#organization\",\"name\":\"Great Locations Mobile Area Guide\",\"url\":\"https:\\\/\\\/greatlocations.com\\\/\",\"logo\":{\"@type\":\"ImageObject\",\"inLanguage\":\"pt-PT\",\"@id\":\"https:\\\/\\\/greatlocations.com\\\/#\\\/schema\\\/logo\\\/image\\\/\",\"url\":\"https:\\\/\\\/greatlocations.com\\\/wp-content\\\/uploads\\\/2021\\\/11\\\/GL_Logo_blue.png\",\"contentUrl\":\"https:\\\/\\\/greatlocations.com\\\/wp-content\\\/uploads\\\/2021\\\/11\\\/GL_Logo_blue.png\",\"width\":551,\"height\":95,\"caption\":\"Great Locations Mobile Area Guide\"},\"image\":{\"@id\":\"https:\\\/\\\/greatlocations.com\\\/#\\\/schema\\\/logo\\\/image\\\/\"},\"sameAs\":[\"https:\\\/\\\/www.facebook.com\\\/profile.php?id=100088263084418\"]}]}<\/script>\n<!-- \/ Yoast SEO plugin. -->","yoast_head_json":{"title":"Propellant Media Geofencing Cost - Great Locations","robots":{"index":"index","follow":"follow","max-snippet":"max-snippet:-1","max-image-preview":"max-image-preview:large","max-video-preview":"max-video-preview:-1"},"canonical":"https:\/\/greatlocations.com\/pt\/propellantmediageofencingcost\/","og_locale":"pt_PT","og_type":"article","og_title":"Propellant Media Geofencing Cost - Great Locations","og_url":"https:\/\/greatlocations.com\/pt\/propellantmediageofencingcost\/","og_site_name":"Great Locations","article_publisher":"https:\/\/www.facebook.com\/profile.php?id=100088263084418","article_modified_time":"2023-04-17T20:03:50+00:00","og_image":[{"url":"http:\/\/greatlocations.com\/wp-content\/uploads\/2023\/04\/GeofencingCost-924x1024.jpg","type":"","width":"","height":""}],"twitter_card":"summary_large_image","schema":{"@context":"https:\/\/schema.org","@graph":[{"@type":"WebPage","@id":"https:\/\/greatlocations.com\/propellantmediageofencingcost\/","url":"https:\/\/greatlocations.com\/propellantmediageofencingcost\/","name":"Propellant Media Geofencing Cost - Great Locations","isPartOf":{"@id":"https:\/\/greatlocations.com\/#website"},"primaryImageOfPage":{"@id":"https:\/\/greatlocations.com\/propellantmediageofencingcost\/#primaryimage"},"image":{"@id":"https:\/\/greatlocations.com\/propellantmediageofencingcost\/#primaryimage"},"thumbnailUrl":"http:\/\/greatlocations.com\/wp-content\/uploads\/2023\/04\/GeofencingCost-924x1024.jpg","datePublished":"2023-04-17T17:03:21+00:00","dateModified":"2023-04-17T20:03:50+00:00","breadcrumb":{"@id":"https:\/\/greatlocations.com\/propellantmediageofencingcost\/#breadcrumb"},"inLanguage":"pt-PT","potentialAction":[{"@type":"ReadAction","target":["https:\/\/greatlocations.com\/propellantmediageofencingcost\/"]}]},{"@type":"ImageObject","inLanguage":"pt-PT","@id":"https:\/\/greatlocations.com\/propellantmediageofencingcost\/#primaryimage","url":"http:\/\/greatlocations.com\/wp-content\/uploads\/2023\/04\/GeofencingCost-924x1024.jpg","contentUrl":"http:\/\/greatlocations.com\/wp-content\/uploads\/2023\/04\/GeofencingCost-924x1024.jpg"},{"@type":"BreadcrumbList","@id":"https:\/\/greatlocations.com\/propellantmediageofencingcost\/#breadcrumb","itemListElement":[{"@type":"ListItem","position":1,"name":"Home","item":"https:\/\/greatlocations.com\/"},{"@type":"ListItem","position":2,"name":"Propellant Media Geofencing Cost"}]},{"@type":"WebSite","@id":"https:\/\/greatlocations.com\/#website","url":"https:\/\/greatlocations.com\/","name":"\u00d3timos locais","description":"Guia m\u00f3vel de \u00e1rea local","publisher":{"@id":"https:\/\/greatlocations.com\/#organization"},"potentialAction":[{"@type":"SearchAction","target":{"@type":"EntryPoint","urlTemplate":"https:\/\/greatlocations.com\/?s={search_term_string}"},"query-input":{"@type":"PropertyValueSpecification","valueRequired":true,"valueName":"search_term_string"}}],"inLanguage":"pt-PT"},{"@type":"Organization","@id":"https:\/\/greatlocations.com\/#organization","name":"Guia de localiza\u00e7\u00e3o para dispositivos m\u00f3veis da Great Locations","url":"https:\/\/greatlocations.com\/","logo":{"@type":"ImageObject","inLanguage":"pt-PT","@id":"https:\/\/greatlocations.com\/#\/schema\/logo\/image\/","url":"https:\/\/greatlocations.com\/wp-content\/uploads\/2021\/11\/GL_Logo_blue.png","contentUrl":"https:\/\/greatlocations.com\/wp-content\/uploads\/2021\/11\/GL_Logo_blue.png","width":551,"height":95,"caption":"Great Locations Mobile Area Guide"},"image":{"@id":"https:\/\/greatlocations.com\/#\/schema\/logo\/image\/"},"sameAs":["https:\/\/www.facebook.com\/profile.php?id=100088263084418"]}]}},"_links":{"self":[{"href":"https:\/\/greatlocations.com\/pt\/wp-json\/wp\/v2\/pages\/35040","targetHints":{"allow":["GET"]}}],"collection":[{"href":"https:\/\/greatlocations.com\/pt\/wp-json\/wp\/v2\/pages"}],"about":[{"href":"https:\/\/greatlocations.com\/pt\/wp-json\/wp\/v2\/types\/page"}],"author":[{"embeddable":true,"href":"https:\/\/greatlocations.com\/pt\/wp-json\/wp\/v2\/users\/6"}],"replies":[{"embeddable":true,"href":"https:\/\/greatlocations.com\/pt\/wp-json\/wp\/v2\/comments?post=35040"}],"version-history":[{"count":0,"href":"https:\/\/greatlocations.com\/pt\/wp-json\/wp\/v2\/pages\/35040\/revisions"}],"wp:attachment":[{"href":"https:\/\/greatlocations.com\/pt\/wp-json\/wp\/v2\/media?parent=35040"}],"curies":[{"name":"wp","href":"https:\/\/api.w.org\/{rel}","templated":true}]}}